{"id":286,"date":"2016-10-31T13:17:59","date_gmt":"2016-10-31T16:17:59","guid":{"rendered":"https:\/\/isfdytguandacol-lrj.infd.edu.ar\/sitio\/?page_id=286"},"modified":"2020-03-31T23:00:17","modified_gmt":"2020-04-01T02:00:17","slug":"inicio","status":"publish","type":"page","link":"https:\/\/isfdytguandacol-lrj.infd.edu.ar\/sitio\/","title":{"rendered":"Inicio"},"content":{"rendered":"<div id=\"metaslider-id-403\" style=\"width: 100%;\" class=\"ml-slider-3-33-0 metaslider metaslider-flex metaslider-403 ml-slider ms-theme-default\" role=\"region\" aria-roledescription=\"Slideshow\" aria-label=\"Slideshow\">\n    <div id=\"metaslider_container_403\">\n        <div id=\"metaslider_403\" class=\"flexslider\">\n            <ul aria-live=\"polite\" class=\"slides\">\n                <li style=\"display: block; width: 100%;\" class=\"slide-607 ms-image\" aria-roledescription=\"slide\" aria-label=\"slide-607\"><a href=\"https:\/\/mapa.infd.edu.ar\/\" target=\"_blank\"><img src=\"https:\/\/isfdytguandacol-lrj.infd.edu.ar\/sitio\/wp-content\/uploads\/2018\/06\/mapa_infd6-1100x200.png\" height=\"200\" width=\"1100\" alt=\"\" class=\"slider-403 slide-607\" title=\"mapa_infd6\" \/><\/a><\/li>\n                <li style=\"display: none; width: 100%;\" class=\"slide-609 ms-image\" aria-roledescription=\"slide\" aria-label=\"slide-609\"><a href=\"https:\/\/www.argentina.gob.ar\/educacion\/becas\" target=\"_blank\"><img src=\"https:\/\/isfdytguandacol-lrj.infd.edu.ar\/sitio\/wp-content\/uploads\/2018\/06\/becas7-1100x200.png\" height=\"200\" width=\"1100\" alt=\"\" class=\"slider-403 slide-609\" title=\"becas7\" \/><\/a><\/li>\n                <li style=\"display: none; width: 100%;\" class=\"slide-635 ms-image\" aria-roledescription=\"slide\" aria-label=\"slide-635\"><a href=\"https:\/\/www.argentina.gob.ar\/tema\/estudiar\/formacion-docencia\" target=\"_blank\"><img src=\"https:\/\/isfdytguandacol-lrj.infd.edu.ar\/sitio\/wp-content\/uploads\/2018\/06\/convocatorias_slide6-1-1100x200.png\" height=\"200\" width=\"1100\" alt=\"\" class=\"slider-403 slide-635\" title=\"convocatorias_slide6-1\" \/><\/a><\/li>\n            <\/ul>\n        <\/div>\n        \n    <\/div>\n<\/div>\n<table id=\"table1\" style=\"width: 100%; height: 733px;\" border=\"1\" cellspacing=\"0\" cellpadding=\"10\" align=\"center\">\n<tbody>\n<tr>\n<td style=\"border: 1px solid;\">\n<p style=\"text-align: center;\">Instituto Superior de Formaci\u00f3n Docente y T\u00e9cnico Profesional \u00abGral. Felipe Varela\u00bb<\/p>\n<p style=\"text-align: center;\">Guandacol, Dpto. General Felipe Varela,\u00a0<span style=\"font-family: inherit; font-size: inherit;\">La Rioja<\/span><\/p>\n<h2 style=\"text-align: center;\"><span style=\"color: #ff00ff; font-family: inherit; font-size: inherit;\">Bienvenido, bienvenida !!<\/span><\/h2>\n<p style=\"text-align: justify;\"><span style=\"font-size: 10pt; color: #000080;\"><strong>Este Instituto Superior de Formaci\u00f3n Docente forma parte del sistema de educaci\u00f3n p\u00fablica de gesti\u00f3n estatal. Se encuentra ubicado en la localidad de Guandacol, Departamento General Felipe Varela, Provincia de La Rioja. Comenz\u00f3 a funcionar el 2 de mayo de 2011.<\/strong><\/span><\/p>\n<p style=\"text-align: justify;\"><span style=\"font-size: 10pt; color: #000080;\"><strong>Dispone de un nodo en la Red, con un sitio web, un campus virtual y un blog. En el campus podr\u00e1n encontrar innumerables espacios que pueden funcionar como aula virtual de cursado de materias, como biblioteca virtual, como secretar\u00eda y bedel\u00eda. Adem\u00e1s, encontraran novedades, informaci\u00f3n importante, experiencias, ayuda y asesoramiento a estudiantes y docentes. <\/strong><\/span><\/p>\n<p style=\"text-align: justify;\"><span style=\"font-size: 10pt; color: #000080;\"><strong>El desaf\u00edo es aprovechar las TIC para potenciar el proceso de ense\u00f1anza-aprendizaje, cumpliendo nuevas funciones para lograrlo.<\/strong><\/span><\/p>\n<p style=\"text-align: justify;\"><span style=\"font-size: 10pt; color: #ff00ff; font-family: Verdana;\">\u00a0<\/span><\/p>\n<p><span style=\"font-size: 14pt; color: black; font-family: Verdana;\"><img decoding=\"async\" src=\"https:\/\/isfdytguandacol-lrj.infd.edu.ar\/sitio\/wp-content\/uploads\/2018\/08\/la_red.jpg\" alt=\"Red virtual\" align=\"left\" border=\"0\" hspace=\"10\" \/><\/span><span style=\"font-size: 10pt; color: #8c619e; font-family: Verdana;\"><span style=\"color: #800000;\"><strong>El uso de la RED de REDES nos da posibilidad de interactuar con cientos de Institutos, formando la<\/strong><\/span> <em><span style=\"text-decoration: underline;\"><strong><span style=\"color: #0000ff; text-decoration: underline;\"><span style=\"font-family: Verdana;\">Red\u00a0Virtual de Institutos Superiores de Formaci\u00f3n Docente<\/span><\/span><\/strong><\/span><\/em><span style=\"color: #ff6600;\">\u00a0<strong><span style=\"color: #800000;\">coordinada por el <span style=\"font-family: Verdana;\">INFD<\/span> (Instituto Nacional de Formaci\u00f3n Docente) dependiente del Ministerio de Educaci\u00f3n de la Naci\u00f3n Argentina.<\/span><\/strong><\/span><\/span><\/td>\n<\/tr>\n<\/tbody>\n<\/table>\n","protected":false},"excerpt":{"rendered":"<p>Instituto Superior de Formaci\u00f3n Docente y T\u00e9cnico Profesional \u00abGral. Felipe Varela\u00bb Guandacol, Dpto. General Felipe Varela,\u00a0La Rioja Bienvenido, bienvenida !! Este Instituto Superior de Formaci\u00f3n Docente forma parte del sistema de educaci\u00f3n p\u00fablica de gesti\u00f3n estatal. Se encuentra ubicado en la localidad de Guandacol, Departamento General Felipe Varela, Provincia de La Rioja. Comenz\u00f3 a funcionar &#8230; <a title=\"Inicio\" class=\"read-more\" href=\"https:\/\/isfdytguandacol-lrj.infd.edu.ar\/sitio\/\" aria-label=\"More on Inicio\">[+]<\/a><\/p>\n","protected":false},"author":1,"featured_media":0,"parent":0,"menu_order":0,"comment_status":"closed","ping_status":"closed","template":"","meta":[],"acf":[],"_links":{"self":[{"href":"https:\/\/isfdytguandacol-lrj.infd.edu.ar\/sitio\/wp-json\/wp\/v2\/pages\/286"}],"collection":[{"href":"https:\/\/isfdytguandacol-lrj.infd.edu.ar\/sitio\/wp-json\/wp\/v2\/pages"}],"about":[{"href":"https:\/\/isfdytguandacol-lrj.infd.edu.ar\/sitio\/wp-json\/wp\/v2\/types\/page"}],"author":[{"embeddable":true,"href":"https:\/\/isfdytguandacol-lrj.infd.edu.ar\/sitio\/wp-json\/wp\/v2\/users\/1"}],"replies":[{"embeddable":true,"href":"https:\/\/isfdytguandacol-lrj.infd.edu.ar\/sitio\/wp-json\/wp\/v2\/comments?post=286"}],"version-history":[{"count":79,"href":"https:\/\/isfdytguandacol-lrj.infd.edu.ar\/sitio\/wp-json\/wp\/v2\/pages\/286\/revisions"}],"predecessor-version":[{"id":811,"href":"https:\/\/isfdytguandacol-lrj.infd.edu.ar\/sitio\/wp-json\/wp\/v2\/pages\/286\/revisions\/811"}],"wp:attachment":[{"href":"https:\/\/isfdytguandacol-lrj.infd.edu.ar\/sitio\/wp-json\/wp\/v2\/media?parent=286"}],"curies":[{"name":"wp","href":"https:\/\/api.w.org\/{rel}","templated":true}]}}