{"id":756,"date":"2018-08-31T13:09:24","date_gmt":"2018-08-31T16:09:24","guid":{"rendered":"https:\/\/isfdytguandacol-lrj.infd.edu.ar\/sitio\/datos-institucionales\/"},"modified":"2020-03-25T23:46:38","modified_gmt":"2020-03-26T02:46:38","slug":"datos-institucionales","status":"publish","type":"page","link":"https:\/\/isfdytguandacol-lrj.infd.edu.ar\/sitio\/datos-institucionales\/","title":{"rendered":"Datos institucionales"},"content":{"rendered":"<blockquote><p><img decoding=\"async\" loading=\"lazy\" class=\"alignnone size-full wp-image-782 aligncenter\" src=\"https:\/\/isfdytguandacol-lrj.infd.edu.ar\/sitio\/wp-content\/uploads\/2019\/08\/ESCUDO-ISFDYT.jpg\" alt=\"\" width=\"228\" height=\"221\" \/><\/p>\n<p style=\"text-align: center;\"><span style=\"font-family: verdana; font-size: small; color: #333300;\"><span style=\"text-decoration: underline; font-size: 14pt;\"><strong>DATOS INSTITUCIONALES<\/strong><\/span><br \/>\n<\/span><\/p>\n<ul>\n<li><strong><span style=\"font-family: verdana; font-size: small; color: #0000ff;\">INSTITUTO SUPERIOR DE FORMACI\u00d3N DOCENTE Y T\u00c9CNICO PROFESIONAL \u00abGENERAL FELIPE VARELA\u00bb GUANDACOL &#8211; DPTO. GRAL. FELIPE VARELA &#8211; LA RIOJA<\/span><\/strong><\/li>\n<li><strong><span style=\"color: #0000ff;\"><span style=\"font-size: 10pt; line-height: 115%; font-family: 'Verdana','sans-serif';\">CUE 4600846-00<\/span><\/span><\/strong><\/li>\n<li><strong><span style=\"font-family: verdana; font-size: small; color: #0000ff;\">Horarios de atenci\u00f3n: de lunes a viernes de 18:45 a 23:00 horas.<br \/>\n<\/span><\/strong><\/li>\n<li><strong><span style=\"font-family: verdana; font-size: small; color: #0000ff;\">Direcci\u00f3n: Calle P\u00fablica s\/n\u00b0 Guandacol, Dpto. General Felipe Varela &#8211; C\u00f3digo Postal: 5353<br \/>\n<\/span><\/strong><\/li>\n<li><strong><span style=\"color: #0000ff;\"><span style=\"font-size: 10pt; line-height: 115%; font-family: 'Verdana','sans-serif';\">Tel\u00e9fono: 380-4354999 (Mg.Adriana Gonz\u00e1lez)<\/span><\/span><\/strong><\/li>\n<li><strong><span style=\"font-family: verdana; font-size: small; color: #0000ff;\">E-mail de consultas: instguandacol@gmail.com &#8211; <\/span><\/strong><\/li>\n<li><span style=\"font-size: 10pt;\"><a href=\"https:\/\/isfdytguandacol-lrj.infd.edu.ar\/\">URL: http:\/\/isfdytguandacol.lrj.infd.edu.ar\/<\/a><\/span><\/li>\n<\/ul>\n<\/blockquote>\n","protected":false},"excerpt":{"rendered":"<p>DATOS INSTITUCIONALES INSTITUTO SUPERIOR DE FORMACI\u00d3N DOCENTE Y T\u00c9CNICO PROFESIONAL \u00abGENERAL FELIPE VARELA\u00bb GUANDACOL &#8211; DPTO. GRAL. FELIPE VARELA &#8211; LA RIOJA CUE 4600846-00 Horarios de atenci\u00f3n: de lunes a viernes de 18:45 a 23:00 horas. Direcci\u00f3n: Calle P\u00fablica s\/n\u00b0 Guandacol, Dpto. General Felipe Varela &#8211; C\u00f3digo Postal: 5353 Tel\u00e9fono: 380-4354999 (Mg.Adriana Gonz\u00e1lez) E-mail de &#8230; <a title=\"Datos institucionales\" class=\"read-more\" href=\"https:\/\/isfdytguandacol-lrj.infd.edu.ar\/sitio\/datos-institucionales\/\" aria-label=\"More on Datos institucionales\">[+]<\/a><\/p>\n","protected":false},"author":200,"featured_media":0,"parent":0,"menu_order":0,"comment_status":"closed","ping_status":"closed","template":"","meta":[],"acf":[],"_links":{"self":[{"href":"https:\/\/isfdytguandacol-lrj.infd.edu.ar\/sitio\/wp-json\/wp\/v2\/pages\/756"}],"collection":[{"href":"https:\/\/isfdytguandacol-lrj.infd.edu.ar\/sitio\/wp-json\/wp\/v2\/pages"}],"about":[{"href":"https:\/\/isfdytguandacol-lrj.infd.edu.ar\/sitio\/wp-json\/wp\/v2\/types\/page"}],"author":[{"embeddable":true,"href":"https:\/\/isfdytguandacol-lrj.infd.edu.ar\/sitio\/wp-json\/wp\/v2\/users\/200"}],"replies":[{"embeddable":true,"href":"https:\/\/isfdytguandacol-lrj.infd.edu.ar\/sitio\/wp-json\/wp\/v2\/comments?post=756"}],"version-history":[{"count":3,"href":"https:\/\/isfdytguandacol-lrj.infd.edu.ar\/sitio\/wp-json\/wp\/v2\/pages\/756\/revisions"}],"predecessor-version":[{"id":797,"href":"https:\/\/isfdytguandacol-lrj.infd.edu.ar\/sitio\/wp-json\/wp\/v2\/pages\/756\/revisions\/797"}],"wp:attachment":[{"href":"https:\/\/isfdytguandacol-lrj.infd.edu.ar\/sitio\/wp-json\/wp\/v2\/media?parent=756"}],"curies":[{"name":"wp","href":"https:\/\/api.w.org\/{rel}","templated":true}]}}