{"id":761,"date":"2018-08-31T13:09:26","date_gmt":"2018-08-31T16:09:26","guid":{"rendered":"https:\/\/isfdytguandacol-lrj.infd.edu.ar\/sitio\/plan-de-estudios-2\/"},"modified":"2020-03-31T22:35:21","modified_gmt":"2020-04-01T01:35:21","slug":"plan-de-estudios-2","status":"publish","type":"page","link":"https:\/\/isfdytguandacol-lrj.infd.edu.ar\/sitio\/plan-de-estudios-2\/","title":{"rendered":"Plan de estudios"},"content":{"rendered":"<table>\n<tbody>\n<tr>\n<td width=\"652\"><strong>Plan de Estudio<\/strong><\/td>\n<\/tr>\n<tr>\n<td width=\"652\"><strong>Primer A\u00f1o<\/strong><\/td>\n<\/tr>\n<tr>\n<td width=\"652\">Taller: Lectura y escritura acad\u00e9mica<\/td>\n<\/tr>\n<tr>\n<td width=\"652\">Filosof\u00eda<\/td>\n<\/tr>\n<tr>\n<td width=\"652\">Pedagog\u00eda<\/td>\n<\/tr>\n<tr>\n<td width=\"652\">Historia<\/td>\n<\/tr>\n<tr>\n<td width=\"652\">Matem\u00e1tica<\/td>\n<\/tr>\n<tr>\n<td width=\"652\">Lengua y literatura<\/td>\n<\/tr>\n<tr>\n<td width=\"652\">Ciencias Naturales<\/td>\n<\/tr>\n<tr>\n<td width=\"652\">Geograf\u00eda<\/td>\n<\/tr>\n<tr>\n<td width=\"652\">Pr\u00e1ctica I: introducci\u00f3n a la realidad educativa de las instituciones y sus contextos<\/td>\n<\/tr>\n<tr>\n<td width=\"652\"><strong>Segundo A\u00f1o<\/strong><\/td>\n<\/tr>\n<tr>\n<td width=\"652\">Psicolog\u00eda educacional<\/td>\n<\/tr>\n<tr>\n<td width=\"652\">Did\u00e1ctica general<\/td>\n<\/tr>\n<tr>\n<td width=\"652\">Tecnolog\u00eda de la informaci\u00f3n y la comunicaci\u00f3n<\/td>\n<\/tr>\n<tr>\n<td width=\"652\">Sujetos de la educaci\u00f3n primaria<\/td>\n<\/tr>\n<tr>\n<td width=\"652\">Problem\u00e1ticas de la educaci\u00f3n primaria<\/td>\n<\/tr>\n<tr>\n<td width=\"652\">Did\u00e1ctica de la matem\u00e1tica I<\/td>\n<\/tr>\n<tr>\n<td width=\"652\">Did\u00e1ctica de la lengua y la literatura I<\/td>\n<\/tr>\n<tr>\n<td width=\"652\">Did\u00e1ctica de las ciencias naturales I<\/td>\n<\/tr>\n<tr>\n<td width=\"652\">Did\u00e1ctica de las ciencias sociales I<\/td>\n<\/tr>\n<tr>\n<td width=\"652\">Pr\u00e1ctica II: organizaci\u00f3n de la tarea docente y coordinaci\u00f3n de grupos de aprendizaje<\/td>\n<\/tr>\n<tr>\n<td width=\"652\"><strong>Tercer A\u00f1o<\/strong><\/td>\n<\/tr>\n<tr>\n<td width=\"652\">Sociolog\u00eda de la educaci\u00f3n<\/td>\n<\/tr>\n<tr>\n<td width=\"652\">Historia y pol\u00edtica de la educaci\u00f3n Argentina<\/td>\n<\/tr>\n<tr>\n<td width=\"652\">Investigaci\u00f3n educativa<\/td>\n<\/tr>\n<tr>\n<td width=\"652\">Did\u00e1ctica de la lengua y la literatura II<\/td>\n<\/tr>\n<tr>\n<td width=\"652\">Alfabetizaci\u00f3n inicial<\/td>\n<\/tr>\n<tr>\n<td width=\"652\">Did\u00e1ctica de la matem\u00e1tica II<\/td>\n<\/tr>\n<tr>\n<td width=\"652\">Did\u00e1ctica de las ciencias naturales II<\/td>\n<\/tr>\n<tr>\n<td width=\"652\">Did\u00e1ctica de las ciencias sociales II<\/td>\n<\/tr>\n<tr>\n<td width=\"652\">Lenguaje corporal y pl\u00e1stica visual<\/td>\n<\/tr>\n<tr>\n<td width=\"652\">Pr\u00e1ctica III: programaci\u00f3n y evaluaci\u00f3n de los aprendizajes<\/td>\n<\/tr>\n<tr>\n<td width=\"652\"><strong>Cuarto A\u00f1o<\/strong><\/td>\n<\/tr>\n<tr>\n<td width=\"652\">\u00c9tica y deontolog\u00eda docente<\/td>\n<\/tr>\n<tr>\n<td width=\"652\">Espacio de definici\u00f3n institucional CFG<\/td>\n<\/tr>\n<tr>\n<td width=\"652\">Taller de educaci\u00f3n sexual integral<\/td>\n<\/tr>\n<tr>\n<td width=\"652\">Lenguaje musical<\/td>\n<\/tr>\n<tr>\n<td width=\"652\">Educaci\u00f3n f\u00edsica<\/td>\n<\/tr>\n<tr>\n<td width=\"652\">Espacio de definici\u00f3n institucional CFE<\/td>\n<\/tr>\n<tr>\n<td width=\"652\">Pr\u00e1ctica IV: residencia<\/td>\n<\/tr>\n<\/tbody>\n<\/table>\n","protected":false},"excerpt":{"rendered":"<p>Plan de Estudio Primer A\u00f1o Taller: Lectura y escritura acad\u00e9mica Filosof\u00eda Pedagog\u00eda Historia Matem\u00e1tica Lengua y literatura Ciencias Naturales Geograf\u00eda Pr\u00e1ctica I: introducci\u00f3n a la realidad educativa de las instituciones y sus contextos Segundo A\u00f1o Psicolog\u00eda educacional Did\u00e1ctica general Tecnolog\u00eda de la informaci\u00f3n y la comunicaci\u00f3n Sujetos de la educaci\u00f3n primaria Problem\u00e1ticas de la educaci\u00f3n &#8230; <a title=\"Plan de estudios\" class=\"read-more\" href=\"https:\/\/isfdytguandacol-lrj.infd.edu.ar\/sitio\/plan-de-estudios-2\/\" aria-label=\"More on Plan de estudios\">[+]<\/a><\/p>\n","protected":false},"author":200,"featured_media":0,"parent":0,"menu_order":0,"comment_status":"closed","ping_status":"closed","template":"","meta":[],"acf":[],"_links":{"self":[{"href":"https:\/\/isfdytguandacol-lrj.infd.edu.ar\/sitio\/wp-json\/wp\/v2\/pages\/761"}],"collection":[{"href":"https:\/\/isfdytguandacol-lrj.infd.edu.ar\/sitio\/wp-json\/wp\/v2\/pages"}],"about":[{"href":"https:\/\/isfdytguandacol-lrj.infd.edu.ar\/sitio\/wp-json\/wp\/v2\/types\/page"}],"author":[{"embeddable":true,"href":"https:\/\/isfdytguandacol-lrj.infd.edu.ar\/sitio\/wp-json\/wp\/v2\/users\/200"}],"replies":[{"embeddable":true,"href":"https:\/\/isfdytguandacol-lrj.infd.edu.ar\/sitio\/wp-json\/wp\/v2\/comments?post=761"}],"version-history":[{"count":2,"href":"https:\/\/isfdytguandacol-lrj.infd.edu.ar\/sitio\/wp-json\/wp\/v2\/pages\/761\/revisions"}],"predecessor-version":[{"id":806,"href":"https:\/\/isfdytguandacol-lrj.infd.edu.ar\/sitio\/wp-json\/wp\/v2\/pages\/761\/revisions\/806"}],"wp:attachment":[{"href":"https:\/\/isfdytguandacol-lrj.infd.edu.ar\/sitio\/wp-json\/wp\/v2\/media?parent=761"}],"curies":[{"name":"wp","href":"https:\/\/api.w.org\/{rel}","templated":true}]}}