{"id":765,"date":"2018-08-31T13:09:27","date_gmt":"2018-08-31T16:09:27","guid":{"rendered":"https:\/\/isfdytguandacol-lrj.infd.edu.ar\/sitio\/autoridades\/"},"modified":"2019-08-05T21:22:39","modified_gmt":"2019-08-06T00:22:39","slug":"autoridades","status":"publish","type":"page","link":"https:\/\/isfdytguandacol-lrj.infd.edu.ar\/sitio\/autoridades\/","title":{"rendered":"Autoridades"},"content":{"rendered":"<h2><span style=\"font-size: 12pt; color: #ff00ff;\"><span style=\"font-family: verdana,geneva;\">Directora: Magister Adriana Mercedes<\/span><\/span><span style=\"font-size: 12pt; color: #ff00ff;\"><span style=\"font-family: verdana,geneva;\"> Gonz\u00e1lez<\/span><\/span><strong><span style=\"font-size: 12pt; color: #ff00ff;\"><br \/>\n<\/span><\/strong><\/h2>\n<p>Secretaria: Mar\u00eda Luisa Vera D\u00edaz<\/p>\n<p>Coordinadoras:<\/p>\n<p>Profesorado: Prof. Laura Veragua Massud<\/p>\n<p>Tecnicatura: Prof. Patricia Soledo<\/p>\n<p>Referente de Formaci\u00f3n Inicial: Prof. Liliana P\u00e1ez<\/p>\n<p>Referente de Capacitaci\u00f3n: Prof. Erika Orme\u00f1o<\/p>\n<p>Referente de Investigaci\u00f3n: Lic. N\u00e9lida de la Vega<\/p>\n<p>Bedeles:<\/p>\n<p>Prof. Laura Escudero<\/p>\n<p>Prof. Patricia P\u00e9rez<\/p>\n<p>Prof. Ilda Vera<\/p>\n<p>Prof. Franco P\u00e1ez Gonz\u00e1lez<\/p>\n<p>Administrador de red: Tec. Rodrigo Ahumada<\/p>\n<p>Webmaster: Prof. Luis Romaniello<\/p>\n","protected":false},"excerpt":{"rendered":"<p>Directora: Magister Adriana Mercedes Gonz\u00e1lez Secretaria: Mar\u00eda Luisa Vera D\u00edaz Coordinadoras: Profesorado: Prof. Laura Veragua Massud Tecnicatura: Prof. Patricia Soledo Referente de Formaci\u00f3n Inicial: Prof. Liliana P\u00e1ez Referente de Capacitaci\u00f3n: Prof. Erika Orme\u00f1o Referente de Investigaci\u00f3n: Lic. N\u00e9lida de la Vega Bedeles: Prof. Laura Escudero Prof. Patricia P\u00e9rez Prof. Ilda Vera Prof. Franco P\u00e1ez Gonz\u00e1lez &#8230; <a title=\"Autoridades\" class=\"read-more\" href=\"https:\/\/isfdytguandacol-lrj.infd.edu.ar\/sitio\/autoridades\/\" aria-label=\"More on Autoridades\">[+]<\/a><\/p>\n","protected":false},"author":200,"featured_media":0,"parent":0,"menu_order":0,"comment_status":"closed","ping_status":"closed","template":"","meta":[],"acf":[],"_links":{"self":[{"href":"https:\/\/isfdytguandacol-lrj.infd.edu.ar\/sitio\/wp-json\/wp\/v2\/pages\/765"}],"collection":[{"href":"https:\/\/isfdytguandacol-lrj.infd.edu.ar\/sitio\/wp-json\/wp\/v2\/pages"}],"about":[{"href":"https:\/\/isfdytguandacol-lrj.infd.edu.ar\/sitio\/wp-json\/wp\/v2\/types\/page"}],"author":[{"embeddable":true,"href":"https:\/\/isfdytguandacol-lrj.infd.edu.ar\/sitio\/wp-json\/wp\/v2\/users\/200"}],"replies":[{"embeddable":true,"href":"https:\/\/isfdytguandacol-lrj.infd.edu.ar\/sitio\/wp-json\/wp\/v2\/comments?post=765"}],"version-history":[{"count":3,"href":"https:\/\/isfdytguandacol-lrj.infd.edu.ar\/sitio\/wp-json\/wp\/v2\/pages\/765\/revisions"}],"predecessor-version":[{"id":790,"href":"https:\/\/isfdytguandacol-lrj.infd.edu.ar\/sitio\/wp-json\/wp\/v2\/pages\/765\/revisions\/790"}],"wp:attachment":[{"href":"https:\/\/isfdytguandacol-lrj.infd.edu.ar\/sitio\/wp-json\/wp\/v2\/media?parent=765"}],"curies":[{"name":"wp","href":"https:\/\/api.w.org\/{rel}","templated":true}]}}